{"id":92,"date":"2022-04-24T15:29:32","date_gmt":"2022-04-24T15:29:32","guid":{"rendered":"https:\/\/www.dronesfera.com\/?page_id=92"},"modified":"2023-08-26T23:05:44","modified_gmt":"2023-08-26T23:05:44","slug":"politica-de-cookies","status":"publish","type":"page","link":"https:\/\/www.dronesfera.com\/ca\/politica-de-cookies\/","title":{"rendered":"Pol\u00edtica de cookies"},"content":{"rendered":"<div data-elementor-type=\"wp-page\" data-elementor-id=\"92\" class=\"elementor elementor-92\">\n\t\t\t\t\t\t<section class=\"elementor-section elementor-top-section elementor-element elementor-element-36749ea elementor-section-boxed elementor-section-height-default elementor-section-height-default wpr-particle-no wpr-jarallax-no wpr-parallax-no wpr-sticky-section-no\" data-id=\"36749ea\" data-element_type=\"section\">\n\t\t\t\t\t\t<div class=\"elementor-container elementor-column-gap-default\">\n\t\t\t\t\t<div class=\"elementor-column elementor-col-100 elementor-top-column elementor-element elementor-element-cb1744c\" data-id=\"cb1744c\" data-element_type=\"column\">\n\t\t\t<div class=\"elementor-widget-wrap elementor-element-populated\">\n\t\t\t\t\t\t<div class=\"elementor-element elementor-element-a9b284a de_scroll_animation_no elementor-widget elementor-widget-heading\" data-id=\"a9b284a\" data-element_type=\"widget\" data-widget_type=\"heading.default\">\n\t\t\t\t\t<h2 class=\"elementor-heading-title elementor-size-default\">POL\u00cdTICA DE COOKIES<\/h2>\t\t\t\t<\/div>\n\t\t\t\t\t<\/div>\n\t\t<\/div>\n\t\t\t\t\t<\/div>\n\t\t<\/section>\n\t\t\t\t<section class=\"elementor-section elementor-top-section elementor-element elementor-element-92e7955 elementor-section-boxed elementor-section-height-default elementor-section-height-default wpr-particle-no wpr-jarallax-no wpr-parallax-no wpr-sticky-section-no\" data-id=\"92e7955\" data-element_type=\"section\">\n\t\t\t\t\t\t<div class=\"elementor-container elementor-column-gap-default\">\n\t\t\t\t\t<div class=\"elementor-column elementor-col-100 elementor-top-column elementor-element elementor-element-8ff531b\" data-id=\"8ff531b\" data-element_type=\"column\">\n\t\t\t<div class=\"elementor-widget-wrap elementor-element-populated\">\n\t\t\t\t\t\t<div class=\"elementor-element elementor-element-ea321de de_scroll_animation_no elementor-widget elementor-widget-text-editor\" data-id=\"ea321de\" data-element_type=\"widget\" data-widget_type=\"text-editor.default\">\n\t\t\t\t\t\t\t\t\t<p>\u00bfQU\u00c9 SON LAS COOKIES?<br \/>Una cookie es un fichero que se descarga en su ordenador al acceder a determinadas p\u00e1ginas web. Las cookies permiten a una p\u00e1gina web, entre otras cosas, almacenar y recuperar informaci\u00f3n sobre las preferencias de navegaci\u00f3n de un usuario o de su equipo. En dronesfera.com utilizamos cookies para almacenar las preferencias del usuario con el fin de mejorar la calidad de nuestros servicios, asegurar el funcionamiento t\u00e9cnico de la p\u00e1gina web, y desarrollar nuevas y mejores prestaciones. Si se desactivan o rechazan las cookies, puede ocurrir que algunas de las funciones y\/o servicios no funcionen adecuadamente. Si dejas un comentario en nuestro sitio puedes elegir guardar tu nombre, direcci\u00f3n de correo electr\u00f3nico y web en cookies. Esto es para tu comodidad, ya que no tendr\u00e1s que volver a rellenar tus datos cuando dejes otro comentario. Estas cookies tendr\u00e1n una duraci\u00f3n de un a\u00f1o. Si tienes una cuenta y te conectas a este sitio, instalaremos una cookie temporal para determinar si tu navegador acepta cookies. Esta cookie no contiene datos personales y se elimina al cerrar el navegador. Cuando accedas, tambi\u00e9n instalaremos varias cookies para guardar tu informaci\u00f3n de acceso y tus opciones de visualizaci\u00f3n de pantalla. Las cookies de acceso duran dos d\u00edas, y las cookies de opciones de pantalla duran un a\u00f1o. Si seleccionas \u00abRecu\u00e9rdarme\u00bb, tu acceso perdurar\u00e1 durante dos semanas. Si sales de tu cuenta, las cookies de acceso se eliminar\u00e1n.<\/p><p>CONTENIDO INCRUSTADO DE OTROS SITIOS WEB<br \/>Los art\u00edculos de este sitio pueden incluir contenido incrustado (por ejemplo, v\u00eddeos, im\u00e1genes, art\u00edculos, etc.). El contenido incrustado de otras webs se comporta exactamente de la misma manera que si el visitante hubiera visitado la otra web. Estas web pueden recopilar datos sobre ti, utilizar cookies, incrustar un seguimiento adicional de terceros, y supervisar tu interacci\u00f3n con ese contenido incrustado, incluido el seguimiento de tu interacci\u00f3n con el contenido incrustado si tienes una cuenta y est\u00e1s conectado a esa web.<\/p><p>ANAL\u00cdTICA<br \/>Este sitio web utiliza Google analytics.<\/p><p>CU\u00c1NTO TIEMPO CONSERVAMOS TUS DATOS<br \/>Si dejas un comentario, el comentario y sus metadatos se conservan indefinidamente. Esto es para que podamos reconocer y aprobar comentarios sucesivos autom\u00e1ticamente, en lugar de mantenerlos en una cola de moderaci\u00f3n. De los usuarios que se registran en nuestra lista de email, almacenamos su correo electr\u00f3nico, y los datos personales que nos hayan facilitado en dicho formulario.<\/p><p>QU\u00c9 DERECHO TIENES SOBRE TUS DATOS<br \/>Puedes solicitar la eliminaci\u00f3n de cualquier dato personal que tengamos sobre ti, dirigi\u00e9ndote a nuestro correo dronesferaudiovisuales@gmail.com. Esto no incluye ning\u00fan dato que estemos obligados a conservar con fines administrativos, legales o de seguridad.<\/p><p>D\u00d3NDE ENVIAMOS TUS DATOS<br \/>Los comentarios de los visitantes puede que los revise un servicio de detecci\u00f3n autom\u00e1tica de spam.<\/p><p>TU INFORMACION DE CONTACTO<br \/>Esta informaci\u00f3n solo la almacenamos nosotros, y en ning\u00fan caso ser\u00e1 compartida con terceros.<\/p><p>\u00bfC\u00d3MO DESHABILITAR LAS COOKIES EN LOS PRINCIPALES?<br \/>Normalmente es posible dejar de aceptar las Cookies del navegador, o dejar de aceptar las Cookies de un Servicio en particular. Todos los navegadores modernos permiten cambiar la configuraci\u00f3n de Cookies. Estos ajustes normalmente se encuentra en las \u2018opciones\u2019 o \u2018Preferencias\u2019 del men\u00fa de su navegador. Aunque puede variar ligeramente de una versi\u00f3n de navegador a otra, la configuraci\u00f3n de la pol\u00edtica de cookies para los navegadores m\u00e1s utilizados es la siguiente: \u2022 Internet Explorer: Herramientas -&gt; Opciones de Internet -&gt; Privacidad -&gt; Configuraci\u00f3n.<\/p><p>\u2022 Firefox: Herramientas -&gt; Opciones -&gt; Privacidad -&gt; Historial -&gt; Configuraci\u00f3n Personalizada<\/p><p>.\u2022 Chrome: Configuraci\u00f3n -&gt; Mostrar opciones avanzadas -&gt; Privacidad -&gt; Configuraci\u00f3n de contenido<\/p><p>.\u2022 Safari: Preferencias -&gt; Seguridad. Dispone de m\u00e1s informaci\u00f3n sobre el uso de cookies en el siguiente enlace http:\/\/www.agpd.es\/portalwebAGPD\/canaldocumentacion\/publicaciones\/common\/Guias\/Guia_Cookies.pdf<\/p><p>Puedes visitar tambi\u00e9n nuestra pol\u00edtica de privacidad.<\/p>\t\t\t\t\t\t\t\t<\/div>\n\t\t\t\t\t<\/div>\n\t\t<\/div>\n\t\t\t\t\t<\/div>\n\t\t<\/section>\n\t\t\t\t<\/div>","protected":false},"excerpt":{"rendered":"<p>POL\u00cdTICA DE COOKIES \u00bfQU\u00c9 SON LAS COOKIES? Una cookie es un fichero que se descarga en su ordenador al acceder a determinadas p\u00e1ginas web. Las cookies permiten a una p\u00e1gina web, entre otras cosas, almacenar y recuperar informaci\u00f3n sobre las preferencias de navegaci\u00f3n de un usuario o de su equipo. En dronesfera.com utilizamos cookies para almacenar las preferencias del usuario con el fin de mejorar la calidad de nuestros servicios, asegurar el funcionamiento t\u00e9cnico de la p\u00e1gina web, y desarrollar nuevas y mejores prestaciones. Si se desactivan o rechazan las cookies, puede ocurrir que algunas de las funciones y\/o servicios no funcionen adecuadamente. Si dejas un comentario en nuestro sitio puedes elegir guardar tu nombre, direcci\u00f3n de correo electr\u00f3nico y web en cookies. Esto es para tu comodidad, ya que no tendr\u00e1s que volver a rellenar tus datos cuando dejes otro comentario. Estas cookies tendr\u00e1n una duraci\u00f3n de un a\u00f1o. Si tienes una cuenta y te conectas a este sitio, instalaremos una cookie temporal para determinar si tu navegador acepta cookies. Esta cookie no contiene datos personales y se elimina al cerrar el navegador. Cuando accedas, tambi\u00e9n instalaremos varias cookies para guardar tu informaci\u00f3n de acceso y tus opciones de visualizaci\u00f3n de pantalla. Las cookies de acceso duran dos d\u00edas, y las cookies de opciones de pantalla duran un a\u00f1o. Si seleccionas \u00abRecu\u00e9rdarme\u00bb, tu acceso perdurar\u00e1 durante dos semanas. Si sales de tu cuenta, las cookies de acceso se eliminar\u00e1n. CONTENIDO INCRUSTADO DE OTROS SITIOS WEB Los art\u00edculos de este sitio pueden incluir contenido incrustado (por ejemplo, v\u00eddeos, im\u00e1genes, art\u00edculos, etc.). El contenido incrustado de otras webs se comporta exactamente de la misma manera que si el visitante hubiera visitado la otra web. Estas web pueden recopilar datos sobre ti, utilizar cookies, incrustar un seguimiento adicional de terceros, y supervisar tu interacci\u00f3n con ese contenido incrustado, incluido el seguimiento de tu interacci\u00f3n con el contenido incrustado si tienes una cuenta y est\u00e1s conectado a esa web. ANAL\u00cdTICA Este sitio web utiliza Google analytics. CU\u00c1NTO TIEMPO CONSERVAMOS TUS DATOS Si dejas un comentario, el comentario y sus metadatos se conservan indefinidamente. Esto es para que podamos reconocer y aprobar comentarios sucesivos autom\u00e1ticamente, en lugar de mantenerlos en una cola de moderaci\u00f3n. De los usuarios que se registran en nuestra lista de email, almacenamos su correo electr\u00f3nico, y los datos personales que nos hayan facilitado en dicho formulario. QU\u00c9 DERECHO TIENES SOBRE TUS DATOS Puedes solicitar la eliminaci\u00f3n de cualquier dato personal que tengamos sobre ti, dirigi\u00e9ndote a nuestro correo dronesferaudiovisuales@gmail.com. Esto no incluye ning\u00fan dato que estemos obligados a conservar con fines administrativos, legales o de seguridad. D\u00d3NDE ENVIAMOS TUS DATOS Los comentarios de los visitantes puede que los revise un servicio de detecci\u00f3n autom\u00e1tica de spam. TU INFORMACION DE CONTACTO Esta informaci\u00f3n solo la almacenamos nosotros, y en ning\u00fan caso ser\u00e1 compartida con terceros. \u00bfC\u00d3MO DESHABILITAR LAS COOKIES EN LOS PRINCIPALES? Normalmente es posible dejar de aceptar las Cookies del navegador, o dejar de aceptar las Cookies de un Servicio en particular. Todos los navegadores modernos permiten cambiar la configuraci\u00f3n de Cookies. Estos ajustes normalmente se encuentra en las \u2018opciones\u2019 o \u2018Preferencias\u2019 del men\u00fa de su navegador. Aunque puede variar ligeramente de una versi\u00f3n de navegador a otra, la configuraci\u00f3n de la pol\u00edtica de cookies para los navegadores m\u00e1s utilizados es la siguiente: \u2022 Internet Explorer: Herramientas -&gt; Opciones de Internet -&gt; Privacidad -&gt; Configuraci\u00f3n. \u2022 Firefox: Herramientas -&gt; Opciones -&gt; Privacidad -&gt; Historial -&gt; Configuraci\u00f3n Personalizada .\u2022 Chrome: Configuraci\u00f3n -&gt; Mostrar opciones avanzadas -&gt; Privacidad -&gt; Configuraci\u00f3n de contenido .\u2022 Safari: Preferencias -&gt; Seguridad. Dispone de m\u00e1s informaci\u00f3n sobre el uso de cookies en el siguiente enlace http:\/\/www.agpd.es\/portalwebAGPD\/canaldocumentacion\/publicaciones\/common\/Guias\/Guia_Cookies.pdf Puedes visitar tambi\u00e9n nuestra pol\u00edtica de privacidad.<\/p>","protected":false},"author":1,"featured_media":0,"parent":0,"menu_order":0,"comment_status":"closed","ping_status":"closed","template":"","meta":{"footnotes":""},"class_list":["post-92","page","type-page","status-publish"],"yoast_head":"<!-- This site is optimized with the Yoast SEO plugin v25.7 - https:\/\/yoast.com\/wordpress\/plugins\/seo\/ -->\n<title>Pol\u00edtica de cookies<\/title>\n<meta name=\"description\" content=\"Aviso legal dronesfera\" \/>\n<meta name=\"robots\" content=\"noindex, follow\" \/>\n<meta property=\"og:locale\" content=\"ca_ES\" \/>\n<meta property=\"og:type\" content=\"article\" \/>\n<meta property=\"og:title\" content=\"Pol\u00edtica de cookies\" \/>\n<meta property=\"og:description\" content=\"Aviso legal dronesfera\" \/>\n<meta property=\"og:url\" content=\"https:\/\/www.dronesfera.com\/ca\/politica-de-cookies\/\" \/>\n<meta property=\"og:site_name\" content=\"Dronesfera\" \/>\n<meta property=\"article:modified_time\" content=\"2023-08-26T23:05:44+00:00\" \/>\n<meta property=\"og:image\" content=\"https:\/\/www.dronesfera.com\/wp-content\/uploads\/2023\/08\/cropped-logo12_21_185449-1.png\" \/>\n\t<meta property=\"og:image:width\" content=\"512\" \/>\n\t<meta property=\"og:image:height\" content=\"512\" \/>\n\t<meta property=\"og:image:type\" content=\"image\/png\" \/>\n<meta name=\"twitter:card\" content=\"summary_large_image\" \/>\n<meta name=\"twitter:label1\" content=\"Temps estimat de lectura\" \/>\n\t<meta name=\"twitter:data1\" content=\"3 minuts\" \/>\n<script type=\"application\/ld+json\" class=\"yoast-schema-graph\">{\"@context\":\"https:\/\/schema.org\",\"@graph\":[{\"@type\":\"WebPage\",\"@id\":\"https:\/\/www.dronesfera.com\/politica-de-cookies\/\",\"url\":\"https:\/\/www.dronesfera.com\/politica-de-cookies\/\",\"name\":\"Pol\u00edtica de cookies\",\"isPartOf\":{\"@id\":\"https:\/\/www.dronesfera.com\/#website\"},\"datePublished\":\"2022-04-24T15:29:32+00:00\",\"dateModified\":\"2023-08-26T23:05:44+00:00\",\"description\":\"Aviso legal dronesfera\",\"breadcrumb\":{\"@id\":\"https:\/\/www.dronesfera.com\/politica-de-cookies\/#breadcrumb\"},\"inLanguage\":\"ca\",\"potentialAction\":[{\"@type\":\"ReadAction\",\"target\":[\"https:\/\/www.dronesfera.com\/politica-de-cookies\/\"]}]},{\"@type\":\"BreadcrumbList\",\"@id\":\"https:\/\/www.dronesfera.com\/politica-de-cookies\/#breadcrumb\",\"itemListElement\":[{\"@type\":\"ListItem\",\"position\":1,\"name\":\"Portada\",\"item\":\"https:\/\/www.dronesfera.com\/\"},{\"@type\":\"ListItem\",\"position\":2,\"name\":\"Pol\u00edtica de cookies\"}]},{\"@type\":\"WebSite\",\"@id\":\"https:\/\/www.dronesfera.com\/#website\",\"url\":\"https:\/\/www.dronesfera.com\/\",\"name\":\"Dronesfera\",\"description\":\"Web para contratar piloto de drone y hacer grabaciones a&eacute;reas\",\"publisher\":{\"@id\":\"https:\/\/www.dronesfera.com\/#organization\"},\"alternateName\":\"La empresa de drones que lleva tus proyectos a otro nivel\",\"potentialAction\":[{\"@type\":\"SearchAction\",\"target\":{\"@type\":\"EntryPoint\",\"urlTemplate\":\"https:\/\/www.dronesfera.com\/?s={search_term_string}\"},\"query-input\":{\"@type\":\"PropertyValueSpecification\",\"valueRequired\":true,\"valueName\":\"search_term_string\"}}],\"inLanguage\":\"ca\"},{\"@type\":\"Organization\",\"@id\":\"https:\/\/www.dronesfera.com\/#organization\",\"name\":\"Dronesfera\",\"alternateName\":\"La empresa de drones que lleva tus proyectos a otro nivel\",\"url\":\"https:\/\/www.dronesfera.com\/\",\"logo\":{\"@type\":\"ImageObject\",\"inLanguage\":\"ca\",\"@id\":\"https:\/\/www.dronesfera.com\/#\/schema\/logo\/image\/\",\"url\":\"https:\/\/www.dronesfera.com\/wp-content\/uploads\/2023\/08\/logo12_21_185449-1.png\",\"contentUrl\":\"https:\/\/www.dronesfera.com\/wp-content\/uploads\/2023\/08\/logo12_21_185449-1.png\",\"width\":1000,\"height\":1000,\"caption\":\"Dronesfera\"},\"image\":{\"@id\":\"https:\/\/www.dronesfera.com\/#\/schema\/logo\/image\/\"}}]}<\/script>\n<!-- \/ Yoast SEO plugin. -->","yoast_head_json":{"title":"Pol\u00edtica de cookies","description":"Aviso legal dronesfera","robots":{"index":"noindex","follow":"follow"},"og_locale":"ca_ES","og_type":"article","og_title":"Pol\u00edtica de cookies","og_description":"Aviso legal dronesfera","og_url":"https:\/\/www.dronesfera.com\/ca\/politica-de-cookies\/","og_site_name":"Dronesfera","article_modified_time":"2023-08-26T23:05:44+00:00","og_image":[{"width":512,"height":512,"url":"https:\/\/www.dronesfera.com\/wp-content\/uploads\/2023\/08\/cropped-logo12_21_185449-1.png","type":"image\/png"}],"twitter_card":"summary_large_image","twitter_misc":{"Temps estimat de lectura":"3 minuts"},"schema":{"@context":"https:\/\/schema.org","@graph":[{"@type":"WebPage","@id":"https:\/\/www.dronesfera.com\/politica-de-cookies\/","url":"https:\/\/www.dronesfera.com\/politica-de-cookies\/","name":"Pol\u00edtica de cookies","isPartOf":{"@id":"https:\/\/www.dronesfera.com\/#website"},"datePublished":"2022-04-24T15:29:32+00:00","dateModified":"2023-08-26T23:05:44+00:00","description":"Aviso legal dronesfera","breadcrumb":{"@id":"https:\/\/www.dronesfera.com\/politica-de-cookies\/#breadcrumb"},"inLanguage":"ca","potentialAction":[{"@type":"ReadAction","target":["https:\/\/www.dronesfera.com\/politica-de-cookies\/"]}]},{"@type":"BreadcrumbList","@id":"https:\/\/www.dronesfera.com\/politica-de-cookies\/#breadcrumb","itemListElement":[{"@type":"ListItem","position":1,"name":"Portada","item":"https:\/\/www.dronesfera.com\/"},{"@type":"ListItem","position":2,"name":"Pol\u00edtica de cookies"}]},{"@type":"WebSite","@id":"https:\/\/www.dronesfera.com\/#website","url":"https:\/\/www.dronesfera.com\/","name":"Dronesfera","description":"Web para contratar piloto de drone y hacer grabaciones a&eacute;reas","publisher":{"@id":"https:\/\/www.dronesfera.com\/#organization"},"alternateName":"La empresa de drones que lleva tus proyectos a otro nivel","potentialAction":[{"@type":"SearchAction","target":{"@type":"EntryPoint","urlTemplate":"https:\/\/www.dronesfera.com\/?s={search_term_string}"},"query-input":{"@type":"PropertyValueSpecification","valueRequired":true,"valueName":"search_term_string"}}],"inLanguage":"ca"},{"@type":"Organization","@id":"https:\/\/www.dronesfera.com\/#organization","name":"Dronesfera","alternateName":"La empresa de drones que lleva tus proyectos a otro nivel","url":"https:\/\/www.dronesfera.com\/","logo":{"@type":"ImageObject","inLanguage":"ca","@id":"https:\/\/www.dronesfera.com\/#\/schema\/logo\/image\/","url":"https:\/\/www.dronesfera.com\/wp-content\/uploads\/2023\/08\/logo12_21_185449-1.png","contentUrl":"https:\/\/www.dronesfera.com\/wp-content\/uploads\/2023\/08\/logo12_21_185449-1.png","width":1000,"height":1000,"caption":"Dronesfera"},"image":{"@id":"https:\/\/www.dronesfera.com\/#\/schema\/logo\/image\/"}}]}},"_links":{"self":[{"href":"https:\/\/www.dronesfera.com\/ca\/wp-json\/wp\/v2\/pages\/92","targetHints":{"allow":["GET"]}}],"collection":[{"href":"https:\/\/www.dronesfera.com\/ca\/wp-json\/wp\/v2\/pages"}],"about":[{"href":"https:\/\/www.dronesfera.com\/ca\/wp-json\/wp\/v2\/types\/page"}],"author":[{"embeddable":true,"href":"https:\/\/www.dronesfera.com\/ca\/wp-json\/wp\/v2\/users\/1"}],"replies":[{"embeddable":true,"href":"https:\/\/www.dronesfera.com\/ca\/wp-json\/wp\/v2\/comments?post=92"}],"version-history":[{"count":0,"href":"https:\/\/www.dronesfera.com\/ca\/wp-json\/wp\/v2\/pages\/92\/revisions"}],"wp:attachment":[{"href":"https:\/\/www.dronesfera.com\/ca\/wp-json\/wp\/v2\/media?parent=92"}],"curies":[{"name":"wp","href":"https:\/\/api.w.org\/{rel}","templated":true}]}}